{"id":262,"date":"2021-11-19T20:05:42","date_gmt":"2021-11-19T20:05:42","guid":{"rendered":"http:\/\/tapsz.hu\/?page_id=262"},"modified":"2021-11-20T09:20:23","modified_gmt":"2021-11-20T09:20:23","slug":"kuponok","status":"publish","type":"page","link":"https:\/\/tapsz.hu\/en\/kuponok\/","title":{"rendered":"Kuponok"},"content":{"rendered":"\t\t<div data-elementor-type=\"wp-page\" data-elementor-id=\"262\" class=\"elementor elementor-262\" data-elementor-post-type=\"page\">\n\t\t\t\t\t\t<section class=\"elementor-section elementor-top-section elementor-element elementor-element-65acbec elementor-section-stretched elementor-section-height-min-height elementor-section-boxed elementor-section-height-default elementor-section-items-middle\" data-id=\"65acbec\" data-element_type=\"section\" data-e-type=\"section\" data-settings=\"{&quot;stretch_section&quot;:&quot;section-stretched&quot;,&quot;background_background&quot;:&quot;classic&quot;,&quot;motion_fx_motion_fx_scrolling&quot;:&quot;yes&quot;,&quot;motion_fx_opacity_effect&quot;:&quot;yes&quot;,&quot;motion_fx_opacity_range&quot;:{&quot;unit&quot;:&quot;%&quot;,&quot;size&quot;:&quot;&quot;,&quot;sizes&quot;:{&quot;start&quot;:1,&quot;end&quot;:7}},&quot;motion_fx_range&quot;:&quot;page&quot;,&quot;sticky&quot;:&quot;top&quot;,&quot;motion_fx_opacity_direction&quot;:&quot;out-in&quot;,&quot;motion_fx_opacity_level&quot;:{&quot;unit&quot;:&quot;px&quot;,&quot;size&quot;:10,&quot;sizes&quot;:[]},&quot;motion_fx_devices&quot;:[&quot;desktop&quot;,&quot;tablet&quot;,&quot;mobile&quot;],&quot;sticky_on&quot;:[&quot;desktop&quot;,&quot;tablet&quot;,&quot;mobile&quot;],&quot;sticky_offset&quot;:0,&quot;sticky_effects_offset&quot;:0,&quot;sticky_anchor_link_offset&quot;:0}\">\n\t\t\t\t\t\t<div class=\"elementor-container elementor-column-gap-wider\">\n\t\t\t\t\t<div class=\"elementor-column elementor-col-100 elementor-top-column elementor-element elementor-element-4c08b51a\" data-id=\"4c08b51a\" data-element_type=\"column\" data-e-type=\"column\">\n\t\t\t<div class=\"elementor-widget-wrap\">\n\t\t\t\t\t\t\t<\/div>\n\t\t<\/div>\n\t\t\t\t\t<\/div>\n\t\t<\/section>\n\t\t\t\t<section class=\"elementor-section elementor-top-section elementor-element elementor-element-3e220f6 elementor-section-full_width elementor-section-height-default elementor-section-height-default\" data-id=\"3e220f6\" data-element_type=\"section\" data-e-type=\"section\">\n\t\t\t\t\t\t<div class=\"elementor-container elementor-column-gap-default\">\n\t\t\t\t\t<div class=\"elementor-column elementor-col-100 elementor-top-column elementor-element elementor-element-e09d760\" data-id=\"e09d760\" data-element_type=\"column\" data-e-type=\"column\">\n\t\t\t<div class=\"elementor-widget-wrap elementor-element-populated\">\n\t\t\t\t\t\t<div class=\"elementor-element elementor-element-eacd2cd elementor-widget elementor-widget-mfn_blog\" data-id=\"eacd2cd\" data-element_type=\"widget\" data-e-type=\"widget\" data-widget_type=\"mfn_blog.default\">\n\t\t\t\t<div class=\"elementor-widget-container\">\n\t\t\t\t\t<div class=\"column_filters\"><div class=\"blog_wrapper isotope_wrapper clearfix\"><div class=\"posts_group lm_wrapper element_classes col- timeline\"><article class=\"post post-item isotope-item clearfix no-img category-4 post-932 type-post status-publish format-standard hentry category-kupon\" style=\"\"><div class=\"date_label\">November 19, 2021<\/div><div class=\"image_frame post-photo-wrapper scale-with-grid image\"><div class=\"image_wrapper\"><\/div><\/div><div class=\"post-desc-wrapper bg- has-custom-bg\" style=\"\"><div class=\"post-desc\"><div class=\"post-head\"><div class=\"post-meta clearfix\"><div class=\"author-date\"><span class=\"date\"><i class=\"icon-clock\"><\/i> <span class=\"post-date updated\">November 19, 2021<\/span><\/span><\/div><div class=\"category\"><span class=\"cat-btn\">Categories <i class=\"icon-down-dir\" aria-hidden=\"true\"><\/i><\/span><div class=\"cat-wrapper\"><ul class=\"post-categories\">\n\t<li><a href=\"https:\/\/tapsz.hu\/en\/category\/kupon\/\" rel=\"category tag\">Kupon<\/a><\/li><\/ul><\/div><\/div><\/div><\/div><div class=\"post-title\"><h2 class=\"entry-title \" itemprop=\"headline\"><a href=\"https:\/\/tapsz.hu\/en\/2021\/11\/19\/novemberi-akcio\/\">Novemberi akci\u00f3<\/a><\/h2><\/div><div class=\"post-excerpt\">Tart a novemberi akci\u00f3 Kedden, szerd\u00e1n \u00e9s cs\u00fct\u00f6rt\u00f6k\u00f6n m\u00e9g mindig 50%-os \u00e1ron sz\u00e1r\u00edthatsz mind a 4 TAPSZ \u00d6nkiszolg\u00e1l\u00f3 mosod\u00e1ban (Debrecen, Miskolc, Ny\u00edregyh\u00e1za 2 \u00fczlet)16 kg-os sz\u00e1r\u00edt\u00e1s<span class=\"excerpt-hellip\"> [\u2026]<\/span><\/div><div class=\"post-footer\"><div class=\"button-love\"><span class=\"love-text\">Do you like it?<\/span><a href=\"#\" class=\"mfn-love \" data-id=\"932\"><span class=\"icons-wrapper\"><i class=\"icon-heart-empty-fa\"><\/i><i class=\"icon-heart-fa\"><\/i><\/span><span class=\"label\">0<\/span><\/a><\/div><div class=\"post-links\"><i class=\"read-more-icon icon-doc-text\" aria-hidden=\"true\"><\/i> <a href=\"https:\/\/tapsz.hu\/en\/2021\/11\/19\/novemberi-akcio\/\" class=\"post-more\">Read more<\/a><\/div><\/div><\/div><\/div><\/article><article class=\"post post-item isotope-item clearfix no-img category-4 post-1 type-post status-publish format-standard hentry category-kupon\" style=\"\"><div class=\"date_label\">January 26, 2021<\/div><div class=\"image_frame post-photo-wrapper scale-with-grid image\"><div class=\"image_wrapper\"><\/div><\/div><div class=\"post-desc-wrapper bg- has-custom-bg\" style=\"\"><div class=\"post-desc\"><div class=\"post-head\"><div class=\"post-meta clearfix\"><div class=\"author-date\"><span class=\"date\"><i class=\"icon-clock\"><\/i> <span class=\"post-date updated\">January 26, 2021<\/span><\/span><\/div><div class=\"category\"><span class=\"cat-btn\">Categories <i class=\"icon-down-dir\" aria-hidden=\"true\"><\/i><\/span><div class=\"cat-wrapper\"><ul class=\"post-categories\">\n\t<li><a href=\"https:\/\/tapsz.hu\/en\/category\/kupon\/\" rel=\"category tag\">Kupon<\/a><\/li><\/ul><\/div><\/div><\/div><\/div><div class=\"post-title\"><h2 class=\"entry-title \" itemprop=\"headline\"><a href=\"https:\/\/tapsz.hu\/en\/2021\/01\/26\/hello-world\/\">Hello world!<\/a><\/h2><\/div><div class=\"post-excerpt\">Welcome to WordPress. This is your first post. Edit or delete it, then start writing!<\/div><div class=\"post-footer\"><div class=\"button-love\"><span class=\"love-text\">Do you like it?<\/span><a href=\"#\" class=\"mfn-love \" data-id=\"1\"><span class=\"icons-wrapper\"><i class=\"icon-heart-empty-fa\"><\/i><i class=\"icon-heart-fa\"><\/i><\/span><span class=\"label\">0<\/span><\/a><\/div><div class=\"post-links\"><i class=\"read-more-icon icon-doc-text\" aria-hidden=\"true\"><\/i> <a href=\"https:\/\/tapsz.hu\/en\/2021\/01\/26\/hello-world\/\" class=\"post-more\">Read more<\/a><\/div><\/div><\/div><\/div><\/article><\/div><\/div>\n<\/div>\n\t\t\t\t<\/div>\n\t\t\t\t<\/div>\n\t\t\t\t\t<\/div>\n\t\t<\/div>\n\t\t\t\t\t<\/div>\n\t\t<\/section>\n\t\t\t\t<\/div>\n\t\t","protected":false},"excerpt":{"rendered":"<p>november 19, 2021 november 19, 2021Categories Kupon Novemberi akci\u00f3 Tart a novemberi akci\u00f3 Kedden, szerd\u00e1n \u00e9s cs\u00fct\u00f6rt\u00f6k\u00f6n m\u00e9g mindig 50%-os \u00e1ron sz\u00e1r\u00edthatsz mind a 4 TAPSZ<span class=\"excerpt-hellip\"> [\u2026]<\/span><\/p>\n","protected":false},"author":1,"featured_media":0,"parent":0,"menu_order":0,"comment_status":"closed","ping_status":"closed","template":"","meta":{"footnotes":""},"class_list":["post-262","page","type-page","status-publish","hentry"],"_links":{"self":[{"href":"https:\/\/tapsz.hu\/en\/wp-json\/wp\/v2\/pages\/262","targetHints":{"allow":["GET"]}}],"collection":[{"href":"https:\/\/tapsz.hu\/en\/wp-json\/wp\/v2\/pages"}],"about":[{"href":"https:\/\/tapsz.hu\/en\/wp-json\/wp\/v2\/types\/page"}],"author":[{"embeddable":true,"href":"https:\/\/tapsz.hu\/en\/wp-json\/wp\/v2\/users\/1"}],"replies":[{"embeddable":true,"href":"https:\/\/tapsz.hu\/en\/wp-json\/wp\/v2\/comments?post=262"}],"version-history":[{"count":15,"href":"https:\/\/tapsz.hu\/en\/wp-json\/wp\/v2\/pages\/262\/revisions"}],"predecessor-version":[{"id":948,"href":"https:\/\/tapsz.hu\/en\/wp-json\/wp\/v2\/pages\/262\/revisions\/948"}],"wp:attachment":[{"href":"https:\/\/tapsz.hu\/en\/wp-json\/wp\/v2\/media?parent=262"}],"curies":[{"name":"wp","href":"https:\/\/api.w.org\/{rel}","templated":true}]}}